{"id":163,"date":"2025-06-16T01:23:42","date_gmt":"2025-06-16T01:23:42","guid":{"rendered":"https:\/\/cosafam.org\/meridacultural\/?page_id=163"},"modified":"2025-11-09T19:49:32","modified_gmt":"2025-11-09T19:49:32","slug":"manual-para-publicar","status":"publish","type":"page","link":"https:\/\/cosafam.org\/meridacultural\/manual-para-publicar\/","title":{"rendered":"Manual para publicar"},"content":{"rendered":"\n<div class=\"wp-block-group alignfull has-global-padding is-layout-constrained wp-container-core-group-is-layout-490fa1db wp-block-group-is-layout-constrained\" style=\"padding-top:var(--wp--preset--spacing--50);padding-right:var(--wp--preset--spacing--50);padding-bottom:var(--wp--preset--spacing--50);padding-left:var(--wp--preset--spacing--50)\">\n<div class=\"wp-block-group has-global-padding is-layout-constrained wp-container-core-group-is-layout-650790e1 wp-block-group-is-layout-constrained\">\n<p class=\"has-text-align-center has-x-large-font-size\">Publica con nosotros tu cronolog\u00eda cultural<\/p>\n\n\n\n<p><\/p>\n\n\n\n<p>Se presenta un manual explicativo para que los cultores puedan compartir y publicar informaci\u00f3n sobre las tradiciones en la p\u00e1gina web.<\/p>\n\n\n\n<p>\u00a0<\/p>\n\n\n\n<p>Manual para Cultores: Publicar tus Tradiciones en Nuestra Web.&nbsp;<\/p>\n\n\n\n<p>Este manual les guiar\u00e1 paso a paso para que puedan compartir su conocimiento y sus experiencias en la p\u00e1gina web.<\/p>\n\n\n\n<p><\/p>\n\n\n\n<p><\/p>\n\n\n\n<p><strong><em>\u00bfC\u00f3mo funciona la publicaci\u00f3n?<\/em><\/strong><\/p>\n\n\n\n<p>Para mantener la calidad y relevancia de la informaci\u00f3n, las publicaciones en la&nbsp; p\u00e1gina web se realizan a trav\u00e9s de los administradores. Esto significa que al enviar la&nbsp; informaci\u00f3n el equipo t\u00e9cnico la analiza y p\u00fablica la informaci\u00f3n. Es un proceso sencillo que asegura que todo el contenido cumpla con los est\u00e1ndares de la web.<\/p>\n\n\n\n<p><\/p>\n\n\n\n<p><strong><em>\u00bfQu\u00e9 tipo de informaci\u00f3n puedes compartir?<\/em><\/strong><\/p>\n\n\n\n<p>Pueden compartir una amplia variedad de informaci\u00f3n relacionada con las&nbsp; tradiciones.&nbsp;<\/p>\n\n\n\n<p><\/p>\n\n\n\n<p><strong><em>Algunas ideas incluyen:<\/em><\/strong><\/p>\n\n\n\n<p>Historia y origen de una tradici\u00f3n.<\/p>\n\n\n\n<p>Costumbres y rituales asociados.<\/p>\n\n\n\n<p>Cantos, m\u00fasica o bailes tradicionales (letras, partituras, audios, videos).<\/p>\n\n\n\n<p>Recetas tradicionales y su significado cultural.<\/p>\n\n\n\n<p>Artesan\u00edas y su proceso de elaboraci\u00f3n.<\/p>\n\n\n\n<p>Entrevistas a otros cultores o portadores de la tradici\u00f3n.<\/p>\n\n\n\n<p>Im\u00e1genes o videos de eventos y celebraciones tradicionales.<\/p>\n\n\n\n<p>An\u00e9cdotas y vivencias personales relacionadas con las tradiciones.<\/p>\n\n\n\n<p>Pasos para enviar la informaci\u00f3n:<\/p>\n\n\n\n<p>Preparar el&nbsp; contenido:<\/p>\n\n\n\n<p><\/p>\n\n\n\n<p><strong><em>Organizar la&nbsp; informaci\u00f3n: <\/em><\/strong>Antes de enviarla, pensar en c\u00f3mo les gustar\u00eda que aparezca en la web. Pueden organizarla&nbsp; por secciones, temas o cronolog\u00eda.<\/p>\n\n\n\n<p><\/p>\n\n\n\n<p><strong><em>Formato del texto:<\/em><\/strong> Puede escribir un texto en un editor de texto simple como Word, Google Docs o incluso en el cuerpo de un correo electr\u00f3nico. Asegurando&nbsp; de que sea claro y f\u00e1cil de leer.<\/p>\n\n\n\n<p><\/p>\n\n\n\n<p><strong><em>Material multimedia: <\/em><\/strong>Si tienen fotos, audios o videos, asegurarse de que tengan una buena calidad. Pueden mencionar&nbsp; si tienen contenido muy pesado, y se indicar\u00e1 la mejor manera de enviarlo. Si las fotos son de eventos, asegurarse de tener los permisos si aparecen otras personas.<\/p>\n\n\n\n<p><\/p>\n\n\n\n<p><strong><em>Redacta tu correo electr\u00f3nico:<\/em><\/strong><\/p>\n\n\n\n<p><\/p>\n\n\n\n<p><strong><em>Asunto claro: <\/em><\/strong>&nbsp;Es muy importante que el asunto del correo sea descriptivo para que los administradores puedan identificar r\u00e1pidamente de qu\u00e9 trata tu mensaje.<\/p>\n\n\n\n<p><\/p>\n\n\n\n<p><strong><em>Ejemplo de asunto: <\/em><\/strong>\u00abInformaci\u00f3n para publicaci\u00f3n: Tradici\u00f3n de la Paradura del Ni\u00f1o\u00bb o \u00abPublicaci\u00f3n: Receta de Hallacas Meride\u00f1as\u00bb.<\/p>\n\n\n\n<p><\/p>\n\n\n\n<p><strong><em>Cuerpo del correo:&nbsp;<\/em><\/strong><\/p>\n\n\n\n<p>Saludar amablemente.<\/p>\n\n\n\n<p>Indica claramente el prop\u00f3sito del correo: \u00abAdjunto informaci\u00f3n para que sea publicada en la p\u00e1gina web sobre&#8230;\u00bb<\/p>\n\n\n\n<p><\/p>\n\n\n\n<p><strong><em>Adjuntar la&nbsp; informaci\u00f3n: <\/em><\/strong>Incluir los archivos de texto, im\u00e1genes, audios o videos que desees publicar. Si son muchos archivos o muy pesados, puedes indicarlo en el correo y los administradores les dir\u00e1n c\u00f3mo compartirlos (por ejemplo, a trav\u00e9s de un enlace de Google Drive o WeTransfer).<\/p>\n\n\n\n<p><\/p>\n\n\n\n<p><strong><em>Describe brevemente el contenido: <\/em><\/strong>Explicar qu\u00e9 est\u00e1n enviando y cualquier detalle relevante sobre la publicaci\u00f3n.<\/p>\n\n\n\n<p><strong><em>Proporcionar su nombre y datos de contacto: <\/em><\/strong>Para tener comunicaci\u00f3n con ustedes si existe alguna pregunta.<\/p>\n\n\n\n<p>Desp\u00eddete cordialmente.<\/p>\n\n\n\n<p><strong><em>Env\u00edar el correo a los administradores:<\/em><\/strong><\/p>\n\n\n\n<p><strong><em>La direcci\u00f3n de correo electr\u00f3nico a la que debes enviar tu informaci\u00f3n es<\/em><\/strong>: [Aqu\u00ed ir\u00eda la direcci\u00f3n de correo electr\u00f3nico de los administradores de la p\u00e1gina web].&nbsp;<\/p>\n\n\n\n<p><\/p>\n\n\n\n<p><strong><em>\u00bfQu\u00e9 sucede despu\u00e9s de enviar tu correo?:&nbsp;<\/em><\/strong><\/p>\n\n\n\n<p>Una vez que enviado el correo, los administradores de la p\u00e1gina web seguir\u00e1n estos pasos:<\/p>\n\n\n\n<p><\/p>\n\n\n\n<p><strong><em>Revisi\u00f3n:<\/em><\/strong> Analizar\u00e1 la informaci\u00f3n que fue recibida para asegurar que est\u00e9 completa y se adapte al estilo y contenido de la p\u00e1gina.<\/p>\n\n\n\n<p><\/p>\n\n\n\n<p><strong><em>Maquetaci\u00f3n: <\/em><\/strong>Se dar\u00e1 formato al contenido para que se vea atractivo y f\u00e1cil de leer en la web.<\/p>\n\n\n\n<p><\/p>\n\n\n\n<p><strong><em>Publicaci\u00f3n:<\/em><\/strong> Una vez revisado y maquetado, tu informaci\u00f3n ser\u00e1 publicada en la secci\u00f3n correspondiente de la p\u00e1gina web.<\/p>\n\n\n\n<p><\/p>\n\n\n\n<p><strong><em>Notificaci\u00f3n: <\/em><\/strong>Les enviaran un correo electr\u00f3nico para informar que el contenido ya est\u00e1 en l\u00ednea.<\/p>\n\n\n\n<p><\/p>\n\n\n\n<p>\u00a1Agradecemos el inter\u00e9s en compartir las\u00a0 valiosas tradiciones! Si existe inquietudes no dudar de contactarse por medio del correo con los administradores.<\/p>\n\n\n\n<p><\/p>\n\n\n\n<p>\u00a0<\/p>\n\n\n\n<p>Se presenta un manual explicativo para que los cultores puedan compartir y publicar informaci\u00f3n sobre las tradiciones en la p\u00e1gina web.\u00a0<\/p>\n\n\n\n<p><\/p>\n\n\n\n<p>Manual para Cultores: Publicar tus Tradiciones en Nuestra Web.&nbsp;<\/p>\n\n\n\n<p>Este manual les guiar\u00e1 paso a paso para que puedan compartir su conocimiento y sus experiencias en la p\u00e1gina web.<\/p>\n\n\n\n<p><\/p>\n\n\n\n<p><strong><em>\u00bfC\u00f3mo funciona la publicaci\u00f3n?<\/em><\/strong><\/p>\n\n\n\n<p>Para mantener la calidad y relevancia de la informaci\u00f3n, las publicaciones en la&nbsp; p\u00e1gina web se realizan a trav\u00e9s de los administradores. Esto significa que al enviar la&nbsp; informaci\u00f3n el equipo t\u00e9cnico la analiza y p\u00fablica la informaci\u00f3n. Es un proceso sencillo que asegura que todo el contenido cumpla con los est\u00e1ndares de la web.<\/p>\n\n\n\n<p><\/p>\n\n\n\n<p><strong><em>\u00bfQu\u00e9 tipo de informaci\u00f3n puedes compartir?<\/em><\/strong><\/p>\n\n\n\n<p>Pueden compartir una amplia variedad de informaci\u00f3n relacionada con las&nbsp; tradiciones.&nbsp;<\/p>\n\n\n\n<p><\/p>\n\n\n\n<p><strong><em>Algunas ideas incluyen:<\/em><\/strong><\/p>\n\n\n\n<ul class=\"wp-block-list\">\n<li>Historia y origen de una tradici\u00f3n.<\/li>\n<\/ul>\n\n\n\n<ul class=\"wp-block-list\">\n<li>Costumbres y rituales asociados.<\/li>\n<\/ul>\n\n\n\n<ul class=\"wp-block-list\">\n<li>Cantos, m\u00fasica o bailes tradicionales (letras, partituras, audios, videos).<\/li>\n<\/ul>\n\n\n\n<ul class=\"wp-block-list\">\n<li>Recetas tradicionales y su significado cultural.<\/li>\n<\/ul>\n\n\n\n<ul class=\"wp-block-list\">\n<li>Artesan\u00edas y su proceso de elaboraci\u00f3n.<\/li>\n<\/ul>\n\n\n\n<ul class=\"wp-block-list\">\n<li>Entrevistas a otros cultores o portadores de la tradici\u00f3n.<\/li>\n<\/ul>\n\n\n\n<ul class=\"wp-block-list\">\n<li>Im\u00e1genes o videos de eventos y celebraciones tradicionales.<\/li>\n<\/ul>\n\n\n\n<ul class=\"wp-block-list\">\n<li>An\u00e9cdotas y vivencias personales relacionadas con las tradiciones.<\/li>\n<\/ul>\n\n\n\n<p><\/p>\n\n\n\n<p class=\"has-medium-font-size\"><strong>Pasos para enviar la informaci\u00f3n:<\/strong><\/p>\n\n\n\n<p><\/p>\n\n\n\n<p>Preparar el&nbsp; contenido:<\/p>\n\n\n\n<p><strong><em>Organizar la&nbsp; informaci\u00f3n: <\/em><\/strong>Antes de enviarla, pensar en c\u00f3mo les gustar\u00eda que aparezca en la web. Pueden organizarla&nbsp; por secciones, temas o cronolog\u00eda.<\/p>\n\n\n\n<p><\/p>\n\n\n\n<p><strong><em>Formato del texto:<\/em><\/strong> Puede escribir un texto en un editor de texto simple como Word, Google Docs o incluso en el cuerpo de un correo electr\u00f3nico. Asegurando&nbsp; de que sea claro y f\u00e1cil de leer.<\/p>\n\n\n\n<p><\/p>\n\n\n\n<p><strong><em>Material multimedia: <\/em><\/strong>Si tienen fotos, audios o videos, asegurarse de que tengan una buena calidad. Pueden mencionar&nbsp; si tienen contenido muy pesado, y se indicar\u00e1 la mejor manera de enviarlo. Si las fotos son de eventos, asegurarse de tener los permisos si aparecen otras personas.<\/p>\n\n\n\n<p><\/p>\n\n\n\n<p><strong><em>Redacta tu correo electr\u00f3nico:<\/em><\/strong><\/p>\n\n\n\n<p><strong><em>Asunto claro: <\/em><\/strong>&nbsp;Es muy importante que el asunto del correo sea descriptivo para que los administradores puedan identificar r\u00e1pidamente de qu\u00e9 trata tu mensaje.<\/p>\n\n\n\n<p><\/p>\n\n\n\n<p><strong><em>Ejemplo de asunto: <\/em><\/strong>\u00abInformaci\u00f3n para publicaci\u00f3n: Tradici\u00f3n de la Paradura del Ni\u00f1o\u00bb o \u00abPublicaci\u00f3n: Receta de Hallacas Meride\u00f1as\u00bb.<\/p>\n\n\n\n<p><\/p>\n\n\n\n<p><strong><em>Cuerpo del correo:&nbsp;<\/em><\/strong><\/p>\n\n\n\n<p>Saludar amablemente.<\/p>\n\n\n\n<p>Indica claramente el prop\u00f3sito del correo: \u00abAdjunto informaci\u00f3n para que sea publicada en la p\u00e1gina web sobre&#8230;\u00bb<\/p>\n\n\n\n<p><\/p>\n\n\n\n<p><strong><em>Adjuntar la&nbsp; informaci\u00f3n: <\/em><\/strong>Incluir los archivos de texto, im\u00e1genes, audios o videos que desees publicar. Si son muchos archivos o muy pesados, puedes indicarlo en el correo y los administradores les dir\u00e1n c\u00f3mo compartirlos (por ejemplo, a trav\u00e9s de un enlace de Google Drive o WeTransfer).<\/p>\n\n\n\n<p><\/p>\n\n\n\n<p><strong><em>Describe brevemente el contenido: <\/em><\/strong>Explicar qu\u00e9 est\u00e1n enviando y cualquier detalle relevante sobre la publicaci\u00f3n.<\/p>\n\n\n\n<p><\/p>\n\n\n\n<p><strong><em>Proporcionar su nombre y datos de contacto: <\/em><\/strong>Para tener comunicaci\u00f3n con ustedes si existe alguna pregunta.<\/p>\n\n\n\n<p>Desp\u00eddete cordialmente.<\/p>\n\n\n\n<p><\/p>\n\n\n\n<p><strong><em>Env\u00edar el correo a los administradores:<\/em><\/strong><\/p>\n\n\n\n<p><strong><em>La direcci\u00f3n de correo electr\u00f3nico a la que debes enviar tu informaci\u00f3n es<\/em><\/strong>: [Aqu\u00ed ir\u00eda la direcci\u00f3n de correo electr\u00f3nico de los administradores de la p\u00e1gina web].&nbsp;<\/p>\n\n\n\n<p><\/p>\n\n\n\n<p><strong><em>\u00bfQu\u00e9 sucede despu\u00e9s de enviar tu correo?:&nbsp;<\/em><\/strong><\/p>\n\n\n\n<p>Una vez que enviado el correo, los administradores de la p\u00e1gina web seguir\u00e1n estos pasos:<\/p>\n\n\n\n<p><\/p>\n\n\n\n<p><strong><em>Revisi\u00f3n:<\/em><\/strong> Analizar\u00e1 la informaci\u00f3n que fue recibida para asegurar que est\u00e9 completa y se adapte al estilo y contenido de la p\u00e1gina.<\/p>\n\n\n\n<p><\/p>\n\n\n\n<p><strong><em>Maquetaci\u00f3n: <\/em><\/strong>Se dar\u00e1 formato al contenido para que se vea atractivo y f\u00e1cil de leer en la web.<\/p>\n\n\n\n<p><\/p>\n\n\n\n<p><strong><em>Publicaci\u00f3n:<\/em><\/strong> Una vez revisado y maquetado, tu informaci\u00f3n ser\u00e1 publicada en la secci\u00f3n correspondiente de la p\u00e1gina web.<\/p>\n\n\n\n<p><\/p>\n\n\n\n<p><strong><em>Notificaci\u00f3n: <\/em><\/strong>Les enviaran un correo electr\u00f3nico para informar que el contenido ya est\u00e1 en l\u00ednea.<\/p>\n\n\n\n<p><\/p>\n\n\n\n<p>\u00a1Agradecemos el inter\u00e9s en compartir las&nbsp; valiosas tradiciones! Si existe inquietudes no dudar de contactarse por medio del correo con los administradores .&nbsp;<\/p>\n\n\n\n<div style=\"height:2px\" aria-hidden=\"true\" class=\"wp-block-spacer\"><\/div>\n\n\n<div class=\"wpforms-container wpforms-container-full wpforms-block wpforms-block-9b98566f-12a9-4a11-b056-8e76bc18016e wpforms-render-modern\" id=\"wpforms-203\"><form id=\"wpforms-form-203\" class=\"wpforms-validate wpforms-form wpforms-ajax-form\" data-formid=\"203\" method=\"post\" enctype=\"multipart\/form-data\" action=\"\/meridacultural\/wp-json\/wp\/v2\/pages\/163\" data-token=\"2ce40b9bd3f541ce0aff29044e4ddd5f\" data-token-time=\"1779023283\"><noscript class=\"wpforms-error-noscript\">Por favor, activa JavaScript en tu navegador para completar este formulario.<\/noscript><div class=\"wpforms-hidden\" id=\"wpforms-error-noscript\">Por favor, activa JavaScript en tu navegador para completar este formulario.<\/div><div class=\"wpforms-field-container\"><div id=\"wpforms-203-field_1-container\" class=\"wpforms-field wpforms-field-name\" data-field-id=\"1\"><fieldset><legend class=\"wpforms-field-label\">Nombre <span class=\"wpforms-required-label\" aria-hidden=\"true\">*<\/span><\/legend><div class=\"wpforms-field-row wpforms-field-medium\"><div class=\"wpforms-field-row-block wpforms-first wpforms-one-half\"><input type=\"text\" id=\"wpforms-203-field_1\" class=\"wpforms-field-name-first wpforms-field-required\" name=\"wpforms[fields][1][first]\" aria-errormessage=\"wpforms-203-field_1-error\" aria-describedby=\"wpforms-203-field_1-description\" required><label for=\"wpforms-203-field_1\" class=\"wpforms-field-sublabel after\">Nombre<\/label><\/div><div class=\"wpforms-field-row-block wpforms-one-half\"><input type=\"text\" id=\"wpforms-203-field_1-last\" class=\"wpforms-field-name-last wpforms-field-required\" name=\"wpforms[fields][1][last]\" aria-errormessage=\"wpforms-203-field_1-last-error\" aria-describedby=\"wpforms-203-field_1-description\" required><label for=\"wpforms-203-field_1-last\" class=\"wpforms-field-sublabel after\">Apellidos<\/label><\/div><\/div><div id=\"wpforms-203-field_1-description\" class=\"wpforms-field-description\">Escribe tu tradici\u00f3n <\/div><\/fieldset><\/div><div id=\"wpforms-203-field_2-container\" class=\"wpforms-field wpforms-field-email\" data-field-id=\"2\"><label class=\"wpforms-field-label\" for=\"wpforms-203-field_2\">Correo electr\u00f3nico <span class=\"wpforms-required-label\" aria-hidden=\"true\">*<\/span><\/label><input type=\"email\" id=\"wpforms-203-field_2\" class=\"wpforms-field-medium wpforms-field-required\" name=\"wpforms[fields][2]\" spellcheck=\"false\" aria-errormessage=\"wpforms-203-field_2-error\" required><\/div><div id=\"wpforms-203-field_3-container\" class=\"wpforms-field wpforms-field-textarea\" data-field-id=\"3\"><label class=\"wpforms-field-label\" for=\"wpforms-203-field_3\">Comentario o mensaje<\/label><textarea id=\"wpforms-203-field_3\" class=\"wpforms-field-medium\" name=\"wpforms[fields][3]\" aria-errormessage=\"wpforms-203-field_3-error\" ><\/textarea><\/div><\/div><!-- .wpforms-field-container --><div class=\"wpforms-submit-container\" ><input type=\"hidden\" name=\"wpforms[id]\" value=\"203\"><input type=\"hidden\" name=\"page_title\" value=\"\"><input type=\"hidden\" name=\"page_url\" value=\"https:\/\/cosafam.org\/meridacultural\/wp-json\/wp\/v2\/pages\/163\"><input type=\"hidden\" name=\"url_referer\" value=\"\"><button type=\"submit\" name=\"wpforms[submit]\" id=\"wpforms-submit-203\" class=\"wpforms-submit\" data-alt-text=\"Enviando...\" data-submit-text=\"Enviar\" aria-live=\"assertive\" value=\"wpforms-submit\">Enviar<\/button><img loading=\"lazy\" decoding=\"async\" src=\"https:\/\/cosafam.org\/meridacultural\/wp-content\/plugins\/wpforms-lite\/assets\/images\/submit-spin.svg\" class=\"wpforms-submit-spinner\" style=\"display: none;\" width=\"26\" height=\"26\" alt=\"Cargando\"><\/div><\/form><\/div>  <!-- .wpforms-container --><\/div>\n<\/div>\n\n\n\n<div class=\"wp-block-group alignfull has-global-padding is-layout-constrained wp-container-core-group-is-layout-d89aad35 wp-block-group-is-layout-constrained\" style=\"margin-top:0;margin-bottom:0;padding-top:var(--wp--preset--spacing--50);padding-right:var(--wp--preset--spacing--50);padding-bottom:var(--wp--preset--spacing--50);padding-left:var(--wp--preset--spacing--50)\">\n<div class=\"wp-block-group alignwide has-global-padding is-layout-constrained wp-block-group-is-layout-constrained\">\n<div class=\"wp-block-query alignwide is-layout-flow wp-block-query-is-layout-flow\"><ul class=\"wp-block-post-template is-layout-flow wp-block-post-template-is-layout-flow\"><li class=\"wp-block-post post-146 post type-post status-publish format-standard hentry category-uncategorized\">\n\n<hr class=\"wp-block-separator has-text-color has-contrast-3-color has-alpha-channel-opacity has-contrast-3-background-color has-background alignwide is-style-wide\"\/>\n\n\n\n<div class=\"wp-block-columns alignwide are-vertically-aligned-center is-layout-flex wp-container-core-columns-is-layout-33233fb6 wp-block-columns-is-layout-flex\" style=\"margin-top:var(--wp--preset--spacing--20);margin-bottom:var(--wp--preset--spacing--20)\">\n<div class=\"wp-block-column is-vertically-aligned-center is-layout-flow wp-block-column-is-layout-flow\" style=\"flex-basis:72%\"><h2 style=\"font-size:clamp(0.984rem, 0.984rem + ((1vw - 0.2rem) * 0.86), 1.5rem);line-height:1.1;\" class=\"wp-block-post-title\"><a href=\"https:\/\/cosafam.org\/meridacultural\/2025\/06\/15\/nosotros\/\" target=\"_blank\" rel=\"https:\/\/cosafam.org\/meridacultural\/\">Nosotros<\/a><\/h2><\/div>\n\n\n\n<div class=\"wp-block-column is-vertically-aligned-center is-layout-flow wp-block-column-is-layout-flow\" style=\"flex-basis:28%\"><div class=\"wp-block-template-part\">\n\n<div class=\"wp-block-group has-global-padding is-layout-constrained wp-block-group-is-layout-constrained\">\n\t\n\t<div class=\"wp-block-group is-content-justification-left is-layout-flex wp-container-core-group-is-layout-dfe8e91f wp-block-group-is-layout-flex\">\n\t\t<div class=\"wp-block-post-date\"><time datetime=\"2025-06-15T20:00:26+00:00\"><a href=\"https:\/\/cosafam.org\/meridacultural\/2025\/06\/15\/nosotros\/\">Jun 15, 2025<\/a><\/time><\/div>\n\n\t\t\n\t\t<p class=\"has-contrast-2-color has-text-color\">\u2014<\/p>\n\t\t\n\n\t\t\n\t\t<p class=\"has-small-font-size has-contrast-2-color has-text-color\">por<\/p>\n\t\t\n\n\t\t<div class=\"wp-block-post-author-name\"><a href=\"https:\/\/cosafam.org\/meridacultural\/author\/admin\/\" target=\"_self\" class=\"wp-block-post-author-name__link\">admin<\/a><\/div>\n\n\t\t<div class=\"taxonomy-category wp-block-post-terms\"><span class=\"wp-block-post-terms__prefix\">en <\/span><a href=\"https:\/\/cosafam.org\/meridacultural\/category\/uncategorized\/\" rel=\"tag\">Uncategorized<\/a><\/div>\n\n\t<\/div>\n\t\n<\/div>\n\n\n<\/div><\/div>\n<\/div>\n\n<\/li><li class=\"wp-block-post post-143 post type-post status-publish format-standard hentry category-manual\">\n\n<hr class=\"wp-block-separator has-text-color has-contrast-3-color has-alpha-channel-opacity has-contrast-3-background-color has-background alignwide is-style-wide\"\/>\n\n\n\n<div class=\"wp-block-columns alignwide are-vertically-aligned-center is-layout-flex wp-container-core-columns-is-layout-33233fb6 wp-block-columns-is-layout-flex\" style=\"margin-top:var(--wp--preset--spacing--20);margin-bottom:var(--wp--preset--spacing--20)\">\n<div class=\"wp-block-column is-vertically-aligned-center is-layout-flow wp-block-column-is-layout-flow\" style=\"flex-basis:72%\"><h2 style=\"font-size:clamp(0.984rem, 0.984rem + ((1vw - 0.2rem) * 0.86), 1.5rem);line-height:1.1;\" class=\"wp-block-post-title\"><a href=\"https:\/\/cosafam.org\/meridacultural\/2025\/06\/15\/manual-del-cultor\/\" target=\"_blank\" rel=\"https:\/\/cosafam.org\/meridacultural\/\">Manual del Cultor<\/a><\/h2><\/div>\n\n\n\n<div class=\"wp-block-column is-vertically-aligned-center is-layout-flow wp-block-column-is-layout-flow\" style=\"flex-basis:28%\"><div class=\"wp-block-template-part\">\n\n<div class=\"wp-block-group has-global-padding is-layout-constrained wp-block-group-is-layout-constrained\">\n\t\n\t<div class=\"wp-block-group is-content-justification-left is-layout-flex wp-container-core-group-is-layout-dfe8e91f wp-block-group-is-layout-flex\">\n\t\t<div class=\"wp-block-post-date\"><time datetime=\"2025-06-15T19:57:44+00:00\"><a href=\"https:\/\/cosafam.org\/meridacultural\/2025\/06\/15\/manual-del-cultor\/\">Jun 15, 2025<\/a><\/time><\/div>\n\n\t\t\n\t\t<p class=\"has-contrast-2-color has-text-color\">\u2014<\/p>\n\t\t\n\n\t\t\n\t\t<p class=\"has-small-font-size has-contrast-2-color has-text-color\">por<\/p>\n\t\t\n\n\t\t<div class=\"wp-block-post-author-name\"><a href=\"https:\/\/cosafam.org\/meridacultural\/author\/admin\/\" target=\"_self\" class=\"wp-block-post-author-name__link\">admin<\/a><\/div>\n\n\t\t<div class=\"taxonomy-category wp-block-post-terms\"><span class=\"wp-block-post-terms__prefix\">en <\/span><a href=\"https:\/\/cosafam.org\/meridacultural\/category\/manual\/\" rel=\"tag\">Manual<\/a><\/div>\n\n\t<\/div>\n\t\n<\/div>\n\n\n<\/div><\/div>\n<\/div>\n\n<\/li><\/ul>\n\n\n<div style=\"height:var(--wp--preset--spacing--30)\" aria-hidden=\"true\" class=\"wp-block-spacer\"><\/div>\n\n\n<\/div>\n<\/div>\n<\/div>\n","protected":false},"excerpt":{"rendered":"<p>Publica con nosotros tu cronolog\u00eda cultural Se presenta un manual explicativo para que los cultores puedan compartir y publicar informaci\u00f3n sobre las tradiciones en la p\u00e1gina web. \u00a0 Manual para Cultores: Publicar tus Tradiciones en Nuestra Web.&nbsp; Este manual les guiar\u00e1 paso a paso para que puedan compartir su conocimiento y sus experiencias en la [&hellip;]<\/p>\n","protected":false},"author":1,"featured_media":232,"parent":0,"menu_order":0,"comment_status":"closed","ping_status":"closed","template":"","meta":{"footnotes":""},"class_list":["post-163","page","type-page","status-publish","has-post-thumbnail","hentry"],"_links":{"self":[{"href":"https:\/\/cosafam.org\/meridacultural\/wp-json\/wp\/v2\/pages\/163","targetHints":{"allow":["GET"]}}],"collection":[{"href":"https:\/\/cosafam.org\/meridacultural\/wp-json\/wp\/v2\/pages"}],"about":[{"href":"https:\/\/cosafam.org\/meridacultural\/wp-json\/wp\/v2\/types\/page"}],"author":[{"embeddable":true,"href":"https:\/\/cosafam.org\/meridacultural\/wp-json\/wp\/v2\/users\/1"}],"replies":[{"embeddable":true,"href":"https:\/\/cosafam.org\/meridacultural\/wp-json\/wp\/v2\/comments?post=163"}],"version-history":[{"count":9,"href":"https:\/\/cosafam.org\/meridacultural\/wp-json\/wp\/v2\/pages\/163\/revisions"}],"predecessor-version":[{"id":253,"href":"https:\/\/cosafam.org\/meridacultural\/wp-json\/wp\/v2\/pages\/163\/revisions\/253"}],"wp:featuredmedia":[{"embeddable":true,"href":"https:\/\/cosafam.org\/meridacultural\/wp-json\/wp\/v2\/media\/232"}],"wp:attachment":[{"href":"https:\/\/cosafam.org\/meridacultural\/wp-json\/wp\/v2\/media?parent=163"}],"curies":[{"name":"wp","href":"https:\/\/api.w.org\/{rel}","templated":true}]}}