{"id":2,"date":"2025-05-14T22:46:17","date_gmt":"2025-05-14T22:46:17","guid":{"rendered":"https:\/\/cosafam.org\/meridacultural\/?page_id=2"},"modified":"2025-06-17T05:46:26","modified_gmt":"2025-06-17T05:46:26","slug":"paraduras-meridenas","status":"publish","type":"page","link":"https:\/\/cosafam.org\/meridacultural\/paraduras-meridenas\/","title":{"rendered":"Paraduras Meride\u00f1as"},"content":{"rendered":"\n<p class=\"is-style-text-display has-accent-2-color has-text-color has-link-color wp-elements-b20f58950da9653dbb09d84f237dba92\" style=\"font-size:clamp(16.293px, 1.018rem + ((1vw - 3.2px) * 0.907), 25px);\">La <strong>Paradura del Ni\u00f1o Jes\u00fas<\/strong> es una celebraci\u00f3n <strong>indispensable<\/strong> para los habitantes de los Andes venezolanos, especialmente en el estado <strong>M\u00e9rida<\/strong>. M\u00e1s que una simple tradici\u00f3n navide\u00f1a, es un profundo acto de fe y gratitud que se arraiga en el coraz\u00f3n de la comunidad.<\/p>\n\n\n\n<figure class=\"wp-block-embed is-type-video is-provider-youtube wp-block-embed-youtube wp-embed-aspect-4-3 wp-has-aspect-ratio\"><div class=\"wp-block-embed__wrapper\">\n<iframe loading=\"lazy\" title=\".\" width=\"500\" height=\"375\" src=\"https:\/\/www.youtube.com\/embed\/bzkjCz03mPE?feature=oembed\" frameborder=\"0\" allow=\"accelerometer; autoplay; clipboard-write; encrypted-media; gyroscope; picture-in-picture; web-share\" referrerpolicy=\"strict-origin-when-cross-origin\" allowfullscreen><\/iframe>\n<\/div><\/figure>\n\n\n\n<p class=\"is-style-text-display\" style=\"font-size:clamp(16.293px, 1.018rem + ((1vw - 3.2px) * 0.907), 25px);\">      Esta festividad va m\u00e1s all\u00e1 de un mero ritual; es una manera de <strong>agradecer las abundancias y bendiciones recibidas de parte del Se\u00f1or<\/strong> durante el a\u00f1o que transcurri\u00f3. La creencia popular asocia la continuidad de la prosperidad y la buena fortuna con la celebraci\u00f3n de esta costumbre, fortaleciendo el v\u00ednculo entre la fe y la vida cotidiana.<\/p>\n\n\n\n<p style=\"font-size:clamp(16.293px, 1.018rem + ((1vw - 3.2px) * 0.907), 25px);\">      Esta celebraci\u00f3n tiene como principal objetivo <strong>\u00abparar\u00bb al Ni\u00f1o Jes\u00fas en la cuna<\/strong>, que simboliza sus primeros pasos, as\u00ed como tambi\u00e9n la transici\u00f3n de la infancia a una etapa de mayor autonom\u00eda y crecimiento, un paralelo que resuena con la vida misma y las esperanzas de la comunidad.<\/p>\n\n\n\n<p style=\"font-size:clamp(16.834px, 1.052rem + ((1vw - 3.2px) * 0.955), 26px);\">     La importancia de la Paradura del Ni\u00f1o Jes\u00fas trasciende las barreras sociales y geogr\u00e1ficas dentro de la regi\u00f3n andina. Es una fiesta que une a <strong>campesinos y citadinos<\/strong>, en una expresi\u00f3n com\u00fan de devoci\u00f3n. Para la <strong>feligres\u00eda de la Iglesia Cat\u00f3lica<\/strong> que reside en M\u00e9rida, sin importar su lugar de origen, la Paradura representa un momento clave para reafirmar su fe y compartir la alegr\u00eda de la Navidad extendida.<\/p>\n\n\n\n<p class=\"is-style-text-display\" style=\"font-size:clamp(16.293px, 1.018rem + ((1vw - 3.2px) * 0.907), 25px);\">      En esencia, la Paradura del Ni\u00f1o Jes\u00fas es un pilar de la identidad cultural andina, un puente entre el pasado y el presente, y una manifestaci\u00f3n palpable de la fe que impulsa a la comunidad meride\u00f1a.<\/p>\n\n\n\n<details class=\"wp-block-details is-layout-flow wp-container-core-details-is-layout-8a368f38 wp-block-details-is-layout-flow\" style=\"font-size:clamp(16.293px, 1.018rem + ((1vw - 3.2px) * 0.907), 25px);\"><summary>Dentro de la geograf\u00eda meride\u00f1a existe una comunidad, en el Valle del Mucuj\u00fan en el Estado M\u00e9rida (Venezuela) ubicado al noreste de la ciudad, en la Parroquia Gonzalo Pic\u00f3n Febres del Municipio Libertador<\/summary>\n<p>en el que se contempla un lindo paraje rodeado de monta\u00f1as, hermosas praderas,&nbsp; clima templado y el calor de sus&nbsp; habitantes, siendo estas parte de las caracter\u00edsticas que describen a la comunidad de El Vallecito,<\/p>\n\n\n\n<p>En esta comunidad se realizan festividades religiosas con devoci\u00f3n como es la paradura del&nbsp; Ni\u00f1o Jes\u00fas, donde esta tradici\u00f3n perdura desde hace aproximadamente 100 a\u00f1os.<\/p>\n<\/details>\n\n\n\n<figure class=\"wp-block-image size-large\"><img loading=\"lazy\" decoding=\"async\" width=\"1024\" height=\"819\" src=\"https:\/\/cosafam.org\/meridacultural\/wp-content\/uploads\/2025\/06\/Diseno-sin-titulo-3-1-1024x819.png\" alt=\"\" class=\"wp-image-234\" srcset=\"https:\/\/cosafam.org\/meridacultural\/wp-content\/uploads\/2025\/06\/Diseno-sin-titulo-3-1-1024x819.png 1024w, https:\/\/cosafam.org\/meridacultural\/wp-content\/uploads\/2025\/06\/Diseno-sin-titulo-3-1-300x240.png 300w, https:\/\/cosafam.org\/meridacultural\/wp-content\/uploads\/2025\/06\/Diseno-sin-titulo-3-1-768x614.png 768w, https:\/\/cosafam.org\/meridacultural\/wp-content\/uploads\/2025\/06\/Diseno-sin-titulo-3-1-1536x1229.png 1536w, https:\/\/cosafam.org\/meridacultural\/wp-content\/uploads\/2025\/06\/Diseno-sin-titulo-3-1.png 2000w\" sizes=\"auto, (max-width: 1024px) 100vw, 1024px\" \/><\/figure>\n\n\n\n<h2 class=\"wp-block-heading has-accent-2-color has-text-color has-link-color wp-elements-1a8a2faed28f4c993d2192153c034d54\"><strong>Estructura de la Realizaci\u00f3n de la Paradura en la Comunidad de El Vallecito:<\/strong><\/h2>\n\n\n\n<p style=\"font-size:clamp(16.293px, 1.018rem + ((1vw - 3.2px) * 0.907), 25px);\">     Luego del 24 de diciembre con la llegada del ni\u00f1o Dios, las familias de la comunidad comienzan los preparativos para la celebraci\u00f3n de la paradura en cada uno de sus hogares, inici\u00e1ndose a partir del 1 de enero hasta el 2 de febrero, d\u00eda de la Candelaria.<\/p>\n\n\n\n<ul class=\"wp-block-list is-style-default has-medium-font-size\">\n<li style=\"font-size:clamp(20.515px, 1.282rem + ((1vw - 3.2px) * 1.301), 33px);\"><strong>Invitaci\u00f3n:<\/strong> <\/li>\n<\/ul>\n\n\n\n<p style=\"font-size:clamp(16.293px, 1.018rem + ((1vw - 3.2px) * 0.907), 25px);\">Los due\u00f1os de la casa son los encargados de comunicar a sus familiares y vecinos para que asistan a esta celebraci\u00f3n, adem\u00e1s asignan a los padrinos que son los que gu\u00edan el ritual.<\/p>\n\n\n\n<p style=\"font-size:clamp(16.293px, 1.018rem + ((1vw - 3.2px) * 0.907), 25px);\">      El se\u00f1or Saturnino Avenda\u00f1o (cultor de la comunidad) cuenta que anteriormente, la ceremonia de la paradura en la comunidad de El Vallecito, se caracterizaba por la participaci\u00f3n de todos los invitados, que con fe y devoci\u00f3n se reun\u00edan para&nbsp; adorar al ni\u00f1o Dios, en el momento del ritual de los versos.<\/p>\n\n\n\n<p style=\"font-size:clamp(16.293px, 1.018rem + ((1vw - 3.2px) * 0.907), 25px);\">     La ceremonia comienza con un ambiente musical, conformado por instrumentos como el viol\u00edn, cuatro, guitarra, maracas y tambor, entonando bellas melod\u00edas propias de la regi\u00f3n andina entre los que se destacan vals, merengue y aguinaldos. Para recibir a los invitados, los due\u00f1os de la casa reparten ponche crema.&nbsp;&nbsp;&nbsp;<\/p>\n\n\n\n<ul class=\"wp-block-list\">\n<li style=\"font-size:clamp(20.515px, 1.282rem + ((1vw - 3.2px) * 1.301), 33px);\"><strong>Comienzo del Ritual:<\/strong><\/li>\n<\/ul>\n\n\n\n<p style=\"font-size:clamp(16.293px, 1.018rem + ((1vw - 3.2px) * 0.907), 25px);\">      Se reparten las velas a todos los invitados. Al dar inicio a la celebraci\u00f3n los padrinos se acercan al pesebre, los m\u00fasicos comienzan el canto de los versos que indican los pasos que deben seguir durante el ritual.<\/p>\n\n\n\n<figure class=\"wp-block-embed is-type-video is-provider-youtube wp-block-embed-youtube wp-embed-aspect-16-9 wp-has-aspect-ratio\"><div class=\"wp-block-embed__wrapper\">\n<iframe loading=\"lazy\" title=\"VERSOS AL NI\u00d1O JES\u00daS - M\u00e9rida Cultural (PARADURA DEL NI\u00d1O)\" width=\"500\" height=\"281\" src=\"https:\/\/www.youtube.com\/embed\/qlv1erLmIpQ?feature=oembed\" frameborder=\"0\" allow=\"accelerometer; autoplay; clipboard-write; encrypted-media; gyroscope; picture-in-picture; web-share\" referrerpolicy=\"strict-origin-when-cross-origin\" allowfullscreen><\/iframe>\n<\/div><\/figure>\n\n\n\n<div data-wp-interactive=\"core\/file\" class=\"wp-block-file\"><object data-wp-bind--hidden=\"!state.hasPdfPreview\" hidden class=\"wp-block-file__embed\" data=\"https:\/\/cosafam.org\/meridacultural\/wp-content\/uploads\/2025\/06\/Versos-de-la-Paradura-de-Nino-Jesus.pdf\" type=\"application\/pdf\" style=\"width:100%;height:280px\" aria-label=\"Incrustado de Versos de la Paradura de Ni\u00f1o Jes\u00fas.\"><\/object><a id=\"wp-block-file--media-617f5a46-bbc9-48c4-956d-cfcd04b0a357\" href=\"https:\/\/cosafam.org\/meridacultural\/wp-content\/uploads\/2025\/06\/Versos-de-la-Paradura-de-Nino-Jesus.pdf\">Versos de la Paradura de Ni\u00f1o Jes\u00fas<\/a><a href=\"https:\/\/cosafam.org\/meridacultural\/wp-content\/uploads\/2025\/06\/Versos-de-la-Paradura-de-Nino-Jesus.pdf\" class=\"wp-block-file__button wp-element-button\" download aria-describedby=\"wp-block-file--media-617f5a46-bbc9-48c4-956d-cfcd04b0a357\">Descarga<\/a><\/div>\n\n\n\n<p style=\"font-size:clamp(16.293px, 1.018rem + ((1vw - 3.2px) * 0.907), 25px);\">Los padrinos se arrodillan ante el pesebre, encienden las velas que simbolizan la luz y claridad para afrontar las dificultades que pueden presentarse durante el a\u00f1o que est\u00e1&nbsp;iniciando. Seguidamente, se disponen a tomar al Ni\u00f1o en sus manos y lo colocan en un pa\u00f1uelo o en una canastilla para luego llevarlo en procesi\u00f3n al paseo por los corredores, patios y los alrededores de la casa. En algunos hogares acostumbran a llevar las im\u00e1genes de San Jos\u00e9 y la Virgen Mar\u00eda al paseo, simbolizando los primeros pasos del Ni\u00f1o Jes\u00fas de la mano de sus padrinos, la Virgen Mar\u00eda y San Jos\u00e9. Despu\u00e9s del paseo y la llegada del Ni\u00f1o al altar, los padrinos se arrodillan ante el pesebre y lo besan como signo de adoraci\u00f3n, despu\u00e9s lo hacen los dem\u00e1s presentes. Posteriormente, el Ni\u00f1o Dios es colocado de pie sobre la cuna por el padrino, este es el momento culminante de la ceremonia, los m\u00fasicos entonan preciosos versos en los cuales se le pide a Dios que los proteja y los saque con bien hasta el a\u00f1o siguiente que regresan a ese mismo hogar como promesa por parte de los due\u00f1os de la casa y de esta manera culminan los versos de la Paradura del Ni\u00f1o.<\/p>\n\n\n\n<ul class=\"wp-block-list\">\n<li style=\"font-size:clamp(29.768px, 1.861rem + ((1vw - 3.2px) * 2.316), 52px);\"><strong>Rosario<\/strong><\/li>\n<\/ul>\n\n\n\n<p style=\"font-size:clamp(16.293px, 1.018rem + ((1vw - 3.2px) * 0.907), 25px);\">     Luego de culminar los versos, se inicia el rosario rezado o cantado de acuerdo a la preferencia de los due\u00f1os de la casa. Todos los presentes se sientan alrededor del pesebre para comenzar el rosario.&nbsp;<br><\/p>\n\n\n\n<details class=\"wp-block-details has-large-font-size is-layout-flow wp-block-details-is-layout-flow\"><summary><strong>Paradura<\/strong> <strong>Cantada:<\/strong><\/summary>\n<p style=\"font-size:clamp(16.293px, 1.018rem + ((1vw - 3.2px) * 0.907), 25px);\">          La paradura cantada es la m\u00e1s utilizada en los pueblos del Estado M\u00e9rida. Es un rezo bastante especial, distinto al rosario rezado, tra\u00eddo desde los campos remotos donde se originaron. Son intrincadas letan\u00edas muy poco conocidas para muchos de los asistentes. Se canta en un tono muy alto acompa\u00f1ados por un coro que entona una melod\u00eda de car\u00e1cter casi lit\u00fargico, como un lamento de ondas, ra\u00edces religiosas reforzadas por las notas celestiales de los violines. Es la ceremonia m\u00e1s larga de la paradura y tambi\u00e9n la m\u00e1s interesante por su significado espiritual. Sus versos han pasado de padres a hijos entre los m\u00fasicos. Este rosario tiene su respectivo orden y caracter\u00edsticas, en primer lugar, los encabezadores del rosario entonan a d\u00fao la introducci\u00f3n&nbsp; del mismo, luego se hace el ofrecimiento del rosario al ni\u00f1o Jes\u00fas por ser su paradura y se anuncian los misterios que se deben rezar seg\u00fan el d\u00eda. Seguido a esto, los m\u00fasicos encabezan el padre nuestro y los dem\u00e1s contestan, de igual manera con el Ave Mar\u00eda, sin embargo en \u00e9sta solo se canta un Ave Mar\u00eda y los dem\u00e1s son rezados hasta el \u00faltimo misterio en donde cambia y se canta completo. Luego para la culminaci\u00f3n&nbsp; o remate del rosario, se canta el gloria patri, Mater Gracia, Bendito, la salve y alabado. Por \u00faltimo, la persona que gu\u00eda el rosario reza las letan\u00edas en latin y finaliza el rosario.<\/p>\n<\/details>\n\n\n\n<p class=\"is-style-text-subtitle\" style=\"font-size:clamp(16.293px, 1.018rem + ((1vw - 3.2px) * 0.907), 25px);\">A continuaci\u00f3n se muestra un documento con la letra del rosario cantado, empleado en la comunidad de El Vallecito:<\/p>\n\n\n\n<p style=\"font-size:clamp(16.293px, 1.018rem + ((1vw - 3.2px) * 0.907), 25px);\">&nbsp;<\/p>\n\n\n\n<div data-wp-interactive=\"core\/file\" class=\"wp-block-file\"><object data-wp-bind--hidden=\"!state.hasPdfPreview\" hidden class=\"wp-block-file__embed\" data=\"https:\/\/cosafam.org\/meridacultural\/wp-content\/uploads\/2025\/06\/Rosario-Cantado.pdf\" type=\"application\/pdf\" style=\"width:100%;height:300px\" aria-label=\"Incrustado de Rosario Cantado.\"><\/object><a id=\"wp-block-file--media-b2dcfe41-fb17-46e4-bea7-e6f6d3a3eaa7\" href=\"https:\/\/cosafam.org\/meridacultural\/wp-content\/uploads\/2025\/06\/Rosario-Cantado.pdf\">Rosario Cantado<\/a><a href=\"https:\/\/cosafam.org\/meridacultural\/wp-content\/uploads\/2025\/06\/Rosario-Cantado.pdf\" class=\"wp-block-file__button wp-element-button\" download aria-describedby=\"wp-block-file--media-b2dcfe41-fb17-46e4-bea7-e6f6d3a3eaa7\">Descarga<\/a><\/div>\n\n\n\n<details class=\"wp-block-details is-layout-flow wp-block-details-is-layout-flow\" style=\"font-size:clamp(20.515px, 1.282rem + ((1vw - 3.2px) * 1.301), 33px);\"><summary><strong>Paradura  Rezada:<\/strong><\/summary>\n<p style=\"font-size:clamp(16.293px, 1.018rem + ((1vw - 3.2px) * 0.907), 25px);\">      Es aquella en la cual, sus pasos son diferentes a la paradura cantada, ya que en esta, el paseo del ni\u00f1o se realiza durante el rezo de las letan\u00edas. Cabe destacar que este rosario tiene una historia.<\/p>\n\n\n\n<p style=\"font-size:clamp(16.293px, 1.018rem + ((1vw - 3.2px) * 0.907), 25px);\">      Anteriormente en los or\u00edgenes de la Paradura, los campesinos acostumbraban que, cuando esta se hac\u00eda rezada, se contemplaba \u00fanica y exclusivamente los misterios gozosos del rosario Mariano, advocaciones del Ni\u00f1o Dios. Este rosario ha sido implementado en tiempos muy recientes el que fue encomendado por la virgen a Santo Domingo de Guzm\u00e1n para que se encargara de propagar su devoci\u00f3n. No obstante, en el transcurso de las \u00e9pocas y generaciones, se fueron ideando rosarios que contemplan \u00fanica y exclusivamente al Divino Ni\u00f1o, de all\u00ed surge el rosario conocido para las paraduras como el Rosario al Ni\u00f1o Jes\u00fas. Este de igual manera sigue con la tradici\u00f3n de los misterios gozosos ya que son los que describen la ni\u00f1ez y la infancia del Verbo Hecho Carne; pero, con la diferencia de que, en este rezo las jaculatorias son m\u00e1s cortas y dirigidas a Jes\u00fas, adem\u00e1s de que las letan\u00edas claman a las incontables, por lo tanto lo abarca m\u00e1s de quince a\u00f1os de trayectoria, aunque, es el m\u00e1s utilizado en las paraduras del centro de la ciudad, este rosario rezado tiene una duraci\u00f3n de aproximadamente 40 minutos.<\/p>\n\n\n\n<p style=\"font-size:clamp(16.293px, 1.018rem + ((1vw - 3.2px) * 0.907), 25px);\">Por otra parte, como variante se acostumbra a cantar aguinaldos entre cada misterio y se canta la salve a la Divina Pastora.<\/p>\n<\/details>\n\n\n\n<p style=\"font-size:clamp(16.293px, 1.018rem + ((1vw - 3.2px) * 0.907), 25px);\"><br>Te invitamos a ver el siguiente video de la pastorcilla. Es un canto en honor a la Virgen Mar\u00eda bajo la advocaci\u00f3n de la Divina Pastora; normalmente se realiza luego de rezar la Salve en el rosario:<\/p>\n\n\n\n<figure class=\"wp-block-embed is-type-video is-provider-youtube wp-block-embed-youtube wp-embed-aspect-16-9 wp-has-aspect-ratio\"><div class=\"wp-block-embed__wrapper\">\n<iframe loading=\"lazy\" title=\"PASTORCILLA - M\u00e9rida Cultural (SALVE A LA DIVINA PASTORA)\" width=\"500\" height=\"281\" src=\"https:\/\/www.youtube.com\/embed\/-uCfmVSBx9w?feature=oembed\" frameborder=\"0\" allow=\"accelerometer; autoplay; clipboard-write; encrypted-media; gyroscope; picture-in-picture; web-share\" referrerpolicy=\"strict-origin-when-cross-origin\" allowfullscreen><\/iframe>\n<\/div><\/figure>\n\n\n\n<div data-wp-interactive=\"core\/file\" class=\"wp-block-file\"><object data-wp-bind--hidden=\"!state.hasPdfPreview\" hidden class=\"wp-block-file__embed\" data=\"https:\/\/cosafam.org\/meridacultural\/wp-content\/uploads\/2025\/06\/SALVE-A-LA-DIVINA-PASTORA.pdf\" type=\"application\/pdf\" style=\"width:100%;height:260px\" aria-label=\"Incrustado de SALVE  A LA DIVINA PASTORA.\"><\/object><a id=\"wp-block-file--media-ed5e0bc0-634e-46bc-8f0a-ac620846f6a4\" href=\"https:\/\/cosafam.org\/meridacultural\/wp-content\/uploads\/2025\/06\/SALVE-A-LA-DIVINA-PASTORA.pdf\">SALVE  A LA DIVINA PASTORA<\/a><a href=\"https:\/\/cosafam.org\/meridacultural\/wp-content\/uploads\/2025\/06\/SALVE-A-LA-DIVINA-PASTORA.pdf\" class=\"wp-block-file__button wp-element-button\" download aria-describedby=\"wp-block-file--media-ed5e0bc0-634e-46bc-8f0a-ac620846f6a4\">Descarga<\/a><\/div>\n\n\n\n<ul class=\"wp-block-list\">\n<li style=\"font-size:clamp(20.515px, 1.282rem + ((1vw - 3.2px) * 1.301), 33px);\"><strong>Brindis: <\/strong><\/li>\n<\/ul>\n\n\n\n<ul class=\"wp-block-list\">\n<li><\/li>\n<\/ul>\n\n\n\n<p style=\"font-size:clamp(16.293px, 1.018rem + ((1vw - 3.2px) * 0.907), 25px);\">      Al culminar el rosario, se reparte el tradicional bizcochuelo y el vino. Luego, los due\u00f1os de la casa ofrecen un compartir y dulces tradicionales de la&nbsp; regi\u00f3n andina, como el dulce de lechosa, cabello de \u00e1ngel, arroz con leche, etc.<\/p>\n\n\n\n<p style=\"font-size:clamp(16.293px, 1.018rem + ((1vw - 3.2px) * 0.907), 25px);\"><br><\/p>\n","protected":false},"excerpt":{"rendered":"<p>La Paradura del Ni\u00f1o Jes\u00fas es una celebraci\u00f3n indispensable para los habitantes de los Andes venezolanos, especialmente en el estado M\u00e9rida. M\u00e1s que una simple tradici\u00f3n navide\u00f1a, es un profundo acto de fe y gratitud que se arraiga en el coraz\u00f3n de la comunidad. Esta festividad va m\u00e1s all\u00e1 de un mero ritual; es una [&hellip;]<\/p>\n","protected":false},"author":1,"featured_media":152,"parent":0,"menu_order":0,"comment_status":"closed","ping_status":"closed","template":"","meta":{"footnotes":""},"class_list":["post-2","page","type-page","status-publish","has-post-thumbnail","hentry"],"_links":{"self":[{"href":"https:\/\/cosafam.org\/meridacultural\/wp-json\/wp\/v2\/pages\/2","targetHints":{"allow":["GET"]}}],"collection":[{"href":"https:\/\/cosafam.org\/meridacultural\/wp-json\/wp\/v2\/pages"}],"about":[{"href":"https:\/\/cosafam.org\/meridacultural\/wp-json\/wp\/v2\/types\/page"}],"author":[{"embeddable":true,"href":"https:\/\/cosafam.org\/meridacultural\/wp-json\/wp\/v2\/users\/1"}],"replies":[{"embeddable":true,"href":"https:\/\/cosafam.org\/meridacultural\/wp-json\/wp\/v2\/comments?post=2"}],"version-history":[{"count":54,"href":"https:\/\/cosafam.org\/meridacultural\/wp-json\/wp\/v2\/pages\/2\/revisions"}],"predecessor-version":[{"id":235,"href":"https:\/\/cosafam.org\/meridacultural\/wp-json\/wp\/v2\/pages\/2\/revisions\/235"}],"wp:featuredmedia":[{"embeddable":true,"href":"https:\/\/cosafam.org\/meridacultural\/wp-json\/wp\/v2\/media\/152"}],"wp:attachment":[{"href":"https:\/\/cosafam.org\/meridacultural\/wp-json\/wp\/v2\/media?parent=2"}],"curies":[{"name":"wp","href":"https:\/\/api.w.org\/{rel}","templated":true}]}}